{"id":205,"date":"2015-09-22T06:52:10","date_gmt":"2015-09-22T04:52:10","guid":{"rendered":"http:\/\/pymessoft.com\/web\/?page_id=205"},"modified":"2023-11-28T15:29:36","modified_gmt":"2023-11-28T13:29:36","slug":"buscar-un-dominio","status":"publish","type":"page","link":"https:\/\/pymessoft.com\/web\/crear-mi-pagina-web\/buscar-un-dominio\/","title":{"rendered":"Buscar un dominio para mi web"},"content":{"rendered":"<p style=\"text-align: justify;\"><img loading=\"lazy\" decoding=\"async\" class=\"alignright wp-image-265 size-medium\" src=\"http:\/\/pymessoft.com\/web\/wp-content\/uploads\/2015\/09\/tienda_online-300x144.png\" alt=\"\" width=\"300\" height=\"144\" srcset=\"https:\/\/pymessoft.com\/web\/wp-content\/uploads\/2015\/09\/tienda_online-300x144.png 300w, https:\/\/pymessoft.com\/web\/wp-content\/uploads\/2015\/09\/tienda_online-250x120.png 250w, https:\/\/pymessoft.com\/web\/wp-content\/uploads\/2015\/09\/tienda_online-800x384.png 800w, https:\/\/pymessoft.com\/web\/wp-content\/uploads\/2015\/09\/tienda_online.png 1080w\" sizes=\"auto, (max-width: 300px) 100vw, 300px\" \/>Para dar\u00a0a conocer su p\u00e1gina web\u00a0en Internet, \u00a0debe <strong>elegir<\/strong> un nombre de <strong>dominio,<\/strong> el cual ser\u00e1\u00a0asociado a su p\u00e1gina web empresa o negocio. Este dominio le permitir\u00e1 que su p\u00e1gina web sea localizada en Internet.<\/p>\n<p style=\"text-align: justify;\">Tambi\u00e9n le ofrecer\u00e1 la posibilidad de tener cuentas de correo\u00a0asociadas a su dominio.<\/p>\n<p style=\"text-align: justify;\">Teclee\u00a0un nombre de dominio en la casilla inferior. Use\u00a0<strong>min\u00fasculas<\/strong>,<strong> sin acentos<\/strong> y <strong>sin espacios<\/strong>:<\/p>\n<p><div id=\"wp24-dc-1\" class=\"wp24-dc\"><\/div><br \/>\n<div id=\"dc-result-1\" class=\"wp24-dc\"><\/div><\/p>\n","protected":false},"excerpt":{"rendered":"<p>Para dar\u00a0a conocer su p\u00e1gina web\u00a0en Internet, \u00a0debe elegir un nombre de dominio, el cual ser\u00e1\u00a0asociado a su p\u00e1gina web empresa o negocio. Este dominio le permitir\u00e1 que su p\u00e1gina web sea localizada en Internet. Tambi\u00e9n le ofrecer\u00e1 la posibilidad de tener cuentas de correo\u00a0asociadas a su dominio. Teclee\u00a0un nombre de dominio en la casilla&#8230;<\/p>\n","protected":false},"author":1,"featured_media":0,"parent":344,"menu_order":0,"comment_status":"closed","ping_status":"closed","template":"","meta":{"_kad_post_transparent":"","_kad_post_title":"","_kad_post_layout":"","_kad_post_sidebar_id":"","_kad_post_content_style":"","_kad_post_vertical_padding":"","_kad_post_feature":"","_kad_post_feature_position":"","_kad_post_header":false,"_kad_post_footer":false,"footnotes":""},"class_list":["post-205","page","type-page","status-publish","hentry"],"_links":{"self":[{"href":"https:\/\/pymessoft.com\/web\/wp-json\/wp\/v2\/pages\/205","targetHints":{"allow":["GET"]}}],"collection":[{"href":"https:\/\/pymessoft.com\/web\/wp-json\/wp\/v2\/pages"}],"about":[{"href":"https:\/\/pymessoft.com\/web\/wp-json\/wp\/v2\/types\/page"}],"author":[{"embeddable":true,"href":"https:\/\/pymessoft.com\/web\/wp-json\/wp\/v2\/users\/1"}],"replies":[{"embeddable":true,"href":"https:\/\/pymessoft.com\/web\/wp-json\/wp\/v2\/comments?post=205"}],"version-history":[{"count":21,"href":"https:\/\/pymessoft.com\/web\/wp-json\/wp\/v2\/pages\/205\/revisions"}],"predecessor-version":[{"id":2324,"href":"https:\/\/pymessoft.com\/web\/wp-json\/wp\/v2\/pages\/205\/revisions\/2324"}],"up":[{"embeddable":true,"href":"https:\/\/pymessoft.com\/web\/wp-json\/wp\/v2\/pages\/344"}],"wp:attachment":[{"href":"https:\/\/pymessoft.com\/web\/wp-json\/wp\/v2\/media?parent=205"}],"curies":[{"name":"wp","href":"https:\/\/api.w.org\/{rel}","templated":true}]}}