{"id":24,"date":"2014-11-12T05:49:56","date_gmt":"2014-11-12T03:49:56","guid":{"rendered":"http:\/\/pymessoft.com\/web\/?page_id=24"},"modified":"2018-08-03T12:46:39","modified_gmt":"2018-08-03T10:46:39","slug":"programa-para-academia-gym-o-club","status":"publish","type":"page","link":"https:\/\/pymessoft.com\/web\/shop\/programa-para-academia-gym-o-club\/","title":{"rendered":"Programa para academia, gym o club"},"content":{"rendered":"<p><a href=\"http:\/\/pymessoft.com\/web\/wp-content\/uploads\/2014\/11\/caja_cuotagest2014_150px.jpg\" data-rel=\"lightbox-image-0\" data-rl_title=\"\" data-rl_caption=\"\" title=\"\"><img loading=\"lazy\" decoding=\"async\" class=\"alignright size-full wp-image-27\" src=\"http:\/\/pymessoft.com\/web\/wp-content\/uploads\/2014\/11\/caja_cuotagest2014_150px.jpg\" alt=\"caja_cuotagest2014_150px\" width=\"150\" height=\"150\" srcset=\"https:\/\/pymessoft.com\/web\/wp-content\/uploads\/2014\/11\/caja_cuotagest2014_150px.jpg 150w, https:\/\/pymessoft.com\/web\/wp-content\/uploads\/2014\/11\/caja_cuotagest2014_150px-100x100.jpg 100w\" sizes=\"auto, (max-width: 150px) 100vw, 150px\" \/><\/a><\/p>\n<p style=\"text-align: justify;\">Pymessoft ha desarrollado el programa para academia, gym o club llamado <strong>Cuotagest<\/strong>.<\/p>\n<p style=\"text-align: justify;\">Este software para clubes fue desarrollado en un principio bajo el nombre <strong>GymControl<\/strong>, pero al ir realizando diferentes actualizaciones, el programa se ha adaptado para <strong>gimnasios<\/strong>, <strong>academias<\/strong>, <strong>peluquer\u00edas<\/strong>, <strong>centros de fisioterapia<\/strong>, <strong>etc.<\/strong><\/p>\n<p style=\"text-align: justify;\">Entre las nuevas caracter\u00edsticas podemos destacar:<\/p>\n<ul>\n<li style=\"text-align: justify;\">Gesti\u00f3n de <strong>socios<\/strong> o <strong>clientes<\/strong><\/li>\n<li style=\"text-align: justify;\">Gesti\u00f3n de <strong>recibos<\/strong><\/li>\n<li style=\"text-align: justify;\">Gesti\u00f3n de <strong>matr\u00edculas<\/strong> \/\u00a0<strong>mensualidades<\/strong><\/li>\n<li style=\"text-align: justify;\">Gesti\u00f3n <strong>citas<\/strong> o reservas<\/li>\n<li style=\"text-align: justify;\">Control de acceso o <strong>asistencia<\/strong><\/li>\n<li style=\"text-align: justify;\"><strong>Estad\u00edsticas<\/strong> e <strong>ingresos<\/strong> previstos<\/li>\n<li style=\"text-align: justify;\"><strong>Informes<\/strong>, nuevo m\u00f3dulo para obtener informes de todo tipo<\/li>\n<li style=\"text-align: justify;\">Copias de seguridad o <strong>backups<\/strong> (local y en la <strong>nube<\/strong>)<\/li>\n<\/ul>\n<p style=\"text-align: justify;\">Programa para:\u00a0<strong>Gimnasios,\u00a0<\/strong><strong>Academias,\u00a0<\/strong><strong>Peluquer\u00edas,\u00a0<\/strong><strong>Clubes,\u00a0<\/strong><strong>Talleres,\u00a0<\/strong><strong>Cl\u00ednicas<\/strong> dentales, Centros de <strong>fisioterapia,\u00a0<\/strong>Centros de <strong>Yoga<\/strong> o Relax,\u00a0<strong>Asociaciones,\u00a0<\/strong><strong>Comunidades<\/strong> de vecinos\u00a0o similares.<\/p>\n<p style=\"text-align: justify;\">Para m\u00e1s informaci\u00f3n\u00a0<a href=\"http:\/\/www.cuotagest.com\" target=\"_blank\" rel=\"noopener\">visite directamente la web del programa<\/a> para academia, gym o club:<\/p>\n<h2 style=\"text-align: justify;\"><a title=\"Cuotagset\" href=\"http:\/\/www.cuotagest.com\" target=\"_blank\" rel=\"noopener\"><strong>www.cuotagest.com<\/strong><\/a><\/h2>\n","protected":false},"excerpt":{"rendered":"<p>Pymessoft ha desarrollado el programa para academia, gym o club llamado Cuotagest. Este software para clubes fue desarrollado en un principio bajo el nombre GymControl, pero al ir realizando diferentes actualizaciones, el programa se ha adaptado para gimnasios, academias, peluquer\u00edas, centros de fisioterapia, etc. Entre las nuevas caracter\u00edsticas podemos destacar: Gesti\u00f3n de socios o clientes&#8230;<\/p>\n","protected":false},"author":1,"featured_media":28,"parent":9,"menu_order":0,"comment_status":"closed","ping_status":"closed","template":"","meta":{"_kad_post_transparent":"","_kad_post_title":"","_kad_post_layout":"","_kad_post_sidebar_id":"","_kad_post_content_style":"","_kad_post_vertical_padding":"","_kad_post_feature":"","_kad_post_feature_position":"","_kad_post_header":false,"_kad_post_footer":false,"footnotes":""},"class_list":["post-24","page","type-page","status-publish","has-post-thumbnail","hentry"],"_links":{"self":[{"href":"https:\/\/pymessoft.com\/web\/wp-json\/wp\/v2\/pages\/24","targetHints":{"allow":["GET"]}}],"collection":[{"href":"https:\/\/pymessoft.com\/web\/wp-json\/wp\/v2\/pages"}],"about":[{"href":"https:\/\/pymessoft.com\/web\/wp-json\/wp\/v2\/types\/page"}],"author":[{"embeddable":true,"href":"https:\/\/pymessoft.com\/web\/wp-json\/wp\/v2\/users\/1"}],"replies":[{"embeddable":true,"href":"https:\/\/pymessoft.com\/web\/wp-json\/wp\/v2\/comments?post=24"}],"version-history":[{"count":18,"href":"https:\/\/pymessoft.com\/web\/wp-json\/wp\/v2\/pages\/24\/revisions"}],"predecessor-version":[{"id":1888,"href":"https:\/\/pymessoft.com\/web\/wp-json\/wp\/v2\/pages\/24\/revisions\/1888"}],"up":[{"embeddable":true,"href":"https:\/\/pymessoft.com\/web\/wp-json\/wp\/v2\/pages\/9"}],"wp:featuredmedia":[{"embeddable":true,"href":"https:\/\/pymessoft.com\/web\/wp-json\/wp\/v2\/media\/28"}],"wp:attachment":[{"href":"https:\/\/pymessoft.com\/web\/wp-json\/wp\/v2\/media?parent=24"}],"curies":[{"name":"wp","href":"https:\/\/api.w.org\/{rel}","templated":true}]}}