{"id":2408,"date":"2024-10-24T23:51:40","date_gmt":"2024-10-24T21:51:40","guid":{"rendered":"https:\/\/pymessoft.com\/web\/?page_id=2408"},"modified":"2024-10-26T18:00:18","modified_gmt":"2024-10-26T16:00:18","slug":"agencia-de-diseno-web-y-marketing-digital","status":"publish","type":"page","link":"https:\/\/pymessoft.com\/web\/","title":{"rendered":"Dise\u00f1amos tu presencia digital con impacto"},"content":{"rendered":"\n<div class=\"wp-block-media-text has-media-on-the-right is-stacked-on-mobile\" style=\"grid-template-columns:auto 40%\"><div class=\"wp-block-media-text__content\">\n<p>Si buscas una <strong>Agencia de Dise\u00f1o Web y Marketing Digital<\/strong>, especializados en crear y mejorar la presencia online de peque\u00f1as y grandes empresas o profesionales independientes y startups, has encontrado tu sitio.<\/p>\n\n\n\n<p>Como Agencia de Dise\u00f1o Web y Marketing Digital, creamos soluciones personalizadas para empresas de todos los tama\u00f1os. Nuestro enfoque se basa en dise\u00f1ar sitios web optimizados y estrategias digitales efectivas que te ayuden a destacar online y atraer m\u00e1s clientes.<\/p>\n\n\n\n<p> Desde el dise\u00f1o web hasta el SEO y la publicidad online, trabajamos contigo para potenciar tu presencia digital y lograr resultados medibles.<\/p>\n<\/div><figure class=\"wp-block-media-text__media\"><img loading=\"lazy\" decoding=\"async\" width=\"600\" height=\"521\" src=\"https:\/\/pymessoft.com\/web\/wp-content\/uploads\/2024\/10\/agencia-de-diseno-web.webp\" alt=\"agencia de dise\u00f1o web\" class=\"wp-image-2589 size-full\" srcset=\"https:\/\/pymessoft.com\/web\/wp-content\/uploads\/2024\/10\/agencia-de-diseno-web.webp 600w, https:\/\/pymessoft.com\/web\/wp-content\/uploads\/2024\/10\/agencia-de-diseno-web-250x217.webp 250w, https:\/\/pymessoft.com\/web\/wp-content\/uploads\/2024\/10\/agencia-de-diseno-web-300x261.webp 300w\" sizes=\"auto, (max-width: 600px) 100vw, 600px\" \/><\/figure><\/div>\n\n\n\n<div class=\"wp-block-buttons is-layout-flex wp-block-buttons-is-layout-flex\">\n<div class=\"wp-block-button\"><a class=\"wp-block-button__link wp-element-button\" href=\"https:\/\/pymessoft.com\/web\/contactar-empresa-web\/\">Solicita una consulta gratuita<\/a><\/div>\n\n\n\n<div class=\"wp-block-button\"><a class=\"wp-block-button__link wp-element-button\">Ver nuestros proyectos<\/a><\/div>\n<\/div>\n\n\n\n<h2 class=\"wp-block-heading\">4 Motivos para confiar en nuestra Agencia de Dise\u00f1o Web y Marketing Digital<\/h2>\n\n\n\n<ol class=\"wp-block-list\">\n<li><strong>Dise\u00f1o web a medida:<\/strong> Creamos p\u00e1ginas web personalizadas, optimizadas para SEO y con un dise\u00f1o responsive.<\/li>\n\n\n\n<li><strong>Marketing digital integral:<\/strong> Estrategias que aumentan tu visibilidad y atraen clientes a trav\u00e9s de campa\u00f1as en Google Ads, redes sociales y m\u00e1s.<\/li>\n\n\n\n<li><strong>Soluciones completas:<\/strong> Ofrecemos hosting, dominios y mantenimiento para que todo tu ecosistema digital est\u00e9 en un solo lugar.<\/li>\n\n\n\n<li><strong>Resultados medibles:<\/strong> Nos enfocamos en mejorar la conversi\u00f3n de tus visitantes en clientes a trav\u00e9s de t\u00e1cticas de optimizaci\u00f3n.<\/li>\n<\/ol>\n\n\n\n<div class=\"wp-block-buttons is-layout-flex wp-block-buttons-is-layout-flex\">\n<div class=\"wp-block-button\"><a class=\"wp-block-button__link wp-element-button\" href=\"https:\/\/pymessoft.com\/web\/empresa-web\/\">Conoce m\u00e1s sobre nuestros servicios<\/a><\/div>\n<\/div>\n\n\n\n<h2 class=\"wp-block-heading\">Lo que dicen nuestros clientes<\/h2>\n\n\n\n<blockquote class=\"wp-block-quote is-layout-flow wp-block-quote-is-layout-flow\">\n<p>\u00abGracias a su equipo, nuestro negocio online ha crecido un 50% en los \u00faltimos 6 meses. \u00a1Totalmente recomendados!\u00bb<\/p>\n<cite><em>Laura G., Tienda Online<\/em><\/cite><\/blockquote>\n\n\n\n<blockquote class=\"wp-block-quote is-layout-flow wp-block-quote-is-layout-flow\">\n<p>Nos ayudaron a mejorar nuestra presencia online con una web moderna y estrategias de marketing efectivas.<\/p>\n<cite>Carlos M., Emprendedor<\/cite><\/blockquote>\n\n\n\n<h2 class=\"wp-block-heading\">Nuestros Servicios como Agencia de Dise\u00f1o Web<\/h2>\n\n\n\n<ul class=\"wp-block-list\">\n<li><strong>Dise\u00f1o Web Profesional:<\/strong> Desde p\u00e1ginas corporativas hasta tiendas online, nos aseguramos de que tu sitio sea visualmente impactante y funcione a la perfecci\u00f3n.<\/li>\n\n\n\n<li><strong>SEO y Posicionamiento Web:<\/strong> Llevamos tu sitio a los primeros puestos de Google para atraer m\u00e1s clientes.<\/li>\n\n\n\n<li><strong>Gesti\u00f3n de Redes Sociales:<\/strong> Estrategias efectivas para aumentar tu visibilidad y engagement en redes.<\/li>\n\n\n\n<li><strong>Publicidad en L\u00ednea:<\/strong> Creamos y gestionamos campa\u00f1as en Google Ads, m\u00e1s para que llegues a tu p\u00fablico objetivo.<\/li>\n\n\n\n<li><strong>Soluciones de Hosting y Dominio:<\/strong> Paquetes de hosting r\u00e1pidos, seguros y adaptados a tus necesidades.<\/li>\n<\/ul>\n\n\n\n<div class=\"wp-block-buttons is-layout-flex wp-block-buttons-is-layout-flex\">\n<div class=\"wp-block-button\"><a class=\"wp-block-button__link wp-element-button\" href=\"https:\/\/pymessoft.com\/web\/contacto\/presupuesto-pagina-web\/\">Solicita tu presupuesto ahora<\/a><\/div>\n<\/div>\n\n\n\n<h2 class=\"wp-block-heading\">\u00bfListo para impulsar tu negocio?<\/h2>\n\n\n\n<h2 class=\"wp-block-heading\">Nuestros Proyectos<\/h2>\n","protected":false},"excerpt":{"rendered":"<p>Si buscas una Agencia de Dise\u00f1o Web y Marketing Digital, especializados en crear y mejorar la presencia online de peque\u00f1as y grandes empresas o profesionales independientes y startups, has encontrado tu sitio. Como Agencia de Dise\u00f1o Web y Marketing Digital, creamos soluciones personalizadas para empresas de todos los tama\u00f1os. Nuestro enfoque se basa en dise\u00f1ar&#8230;<\/p>\n","protected":false},"author":1,"featured_media":0,"parent":0,"menu_order":0,"comment_status":"closed","ping_status":"closed","template":"","meta":{"_kad_post_transparent":"","_kad_post_title":"","_kad_post_layout":"","_kad_post_sidebar_id":"","_kad_post_content_style":"","_kad_post_vertical_padding":"","_kad_post_feature":"","_kad_post_feature_position":"","_kad_post_header":false,"_kad_post_footer":false,"footnotes":""},"class_list":["post-2408","page","type-page","status-publish","hentry"],"_links":{"self":[{"href":"https:\/\/pymessoft.com\/web\/wp-json\/wp\/v2\/pages\/2408","targetHints":{"allow":["GET"]}}],"collection":[{"href":"https:\/\/pymessoft.com\/web\/wp-json\/wp\/v2\/pages"}],"about":[{"href":"https:\/\/pymessoft.com\/web\/wp-json\/wp\/v2\/types\/page"}],"author":[{"embeddable":true,"href":"https:\/\/pymessoft.com\/web\/wp-json\/wp\/v2\/users\/1"}],"replies":[{"embeddable":true,"href":"https:\/\/pymessoft.com\/web\/wp-json\/wp\/v2\/comments?post=2408"}],"version-history":[{"count":32,"href":"https:\/\/pymessoft.com\/web\/wp-json\/wp\/v2\/pages\/2408\/revisions"}],"predecessor-version":[{"id":2600,"href":"https:\/\/pymessoft.com\/web\/wp-json\/wp\/v2\/pages\/2408\/revisions\/2600"}],"wp:attachment":[{"href":"https:\/\/pymessoft.com\/web\/wp-json\/wp\/v2\/media?parent=2408"}],"curies":[{"name":"wp","href":"https:\/\/api.w.org\/{rel}","templated":true}]}}