{"id":673,"date":"2015-10-28T23:01:41","date_gmt":"2015-10-28T21:01:41","guid":{"rendered":"http:\/\/pymessoft.com\/web\/?page_id=673"},"modified":"2017-01-27T18:35:49","modified_gmt":"2017-01-27T16:35:49","slug":"pagina-web-empresa","status":"publish","type":"page","link":"https:\/\/pymessoft.com\/web\/crear-mi-pagina-web\/pagina-web-empresa\/","title":{"rendered":"P\u00e1gina web Empresa y Auton\u00f3mo"},"content":{"rendered":"<div style=\"text-align: justify;\">\n<h1>\u00bfQu\u00e9 es una P\u00e1gina web Empresa con Pymessoft?<\/h1>\n<figure id=\"attachment_1043\" aria-describedby=\"caption-attachment-1043\" style=\"width: 150px\" class=\"wp-caption alignleft\"><img loading=\"lazy\" decoding=\"async\" class=\"wp-image-1043 size-thumbnail\" title=\"P\u00e1ginas Web Empresa\" src=\"http:\/\/pymessoft.com\/web\/wp-content\/uploads\/2015\/11\/pagina-web-empresa-150x150.png\" alt=\"P\u00e1gina web Empresa\" width=\"150\" height=\"150\" srcset=\"https:\/\/pymessoft.com\/web\/wp-content\/uploads\/2015\/11\/pagina-web-empresa-150x150.png 150w, https:\/\/pymessoft.com\/web\/wp-content\/uploads\/2015\/11\/pagina-web-empresa-200x200.png 200w, https:\/\/pymessoft.com\/web\/wp-content\/uploads\/2015\/11\/pagina-web-empresa-100x100.png 100w\" sizes=\"auto, (max-width: 150px) 100vw, 150px\" \/><figcaption id=\"caption-attachment-1043\" class=\"wp-caption-text\"><span style=\"font-size: 10px;\">P\u00e1gina web Empresa y Aut\u00f3nomos<\/span><\/figcaption><\/figure>\n<p>Asesoramos, dise\u00f1amos y creamos su \u00abP\u00e1gina Web Empresa\u00bb para su negocio, empresa o su actividad como aut\u00f3nomo, con todo lo que necesita para adaptarse a la web y sacarle todo el rendimiento posible. Si desea crear su p\u00e1gina web,\u00a0 <a href=\"http:\/\/pymessoft.com\/web\/contacto\/\"> pida presupuesto sin compromiso<\/a> trataremos de asesorarle y realizar todo el dise\u00f1o web, marketing online, posicionamiento web, posicionamiento seo, mantenimiento de las redes sociales, etc. para su p\u00e1ginas web empresa.<\/p>\n<p>Tambi\u00e9n puede optar por consultar las tarifas y planes que hemos creado para nuestros clientes.<\/p>\n<h1>\u00bfQu\u00e9 obtendr\u00e9 al realizar la p\u00e1gina web con vosotros?<\/h1>\n<p>Adem\u00e1s de tener su dominio, cuentas de correo, copias de seguridad, etc. tendr\u00e1 las mismas ventajas que nosotros mismos, es decir, su web tendr\u00e1 las mismas garant\u00edas que la nuestra propia. =)<\/p>\n<\/div>\n<h1>\u00a0\u00bfDonde estar\u00eda mi p\u00e1gina web alojada?<\/h1>\n<p style=\"text-align: justify;\">Gestionamos nuestros propios servidores, unos <a href=\"http:\/\/pymessoft.com\/web\/nuestros-servidores\/\" target=\"_blank\">servidores<\/a> de calidad, r\u00e1pidos y eficientes, adem\u00e1s de ofrecer copias de seguridad personalizadas.<\/p>\n<p style=\"text-align: justify;\">Preparamos todo para que no tenga que preocuparse por nada. Asociamos un <strong>dominio<\/strong> y configuramos su <strong>alojamiento<\/strong>. Creamos y ponemos en marcha su <strong>p\u00e1gina web empresa<\/strong>. Realizaremos un dise\u00f1o moderno acorde a su imagen coporativa. Tambi\u00e9n configuramos las<strong> cuentas de correo<\/strong>\u00a0 y le asesoraremos en todo momento.<\/p>\n<div><\/div>\n<p><a class=\"boton_pymessoft\" href=\"http:\/\/pymessoft.com\/web\/crear-mi-pagina-web\/\" target=\"_blank\">Quiero saber como hacer mi p\u00e1gina web<\/a><\/p>\n<p><a class=\"boton_pymessoft\" href=\"http:\/\/pymessoft.com\/web\/buscar-un-dominio\/\" target=\"_blank\">Buscar un dominio para mi p\u00e1gina web<\/a><\/p>\n<p><a class=\"boton_pymessoft\" href=\"http:\/\/pymessoft.com\/web\/product\/pagina-web-empresa\/#planes\" target=\"_blank\">Planes para mi p\u00e1gina web<\/a><\/p>\n<h1>Tengo mi dominio y p\u00e1gina web en otro servidor<\/h1>\n<p style=\"text-align: justify;\">Si necesita realizar un <strong>traslado de dominio<\/strong>, tambi\u00e9n lo gestionamos por usted. Al igual que si necesita migrar los datos de las cuentas de correo, podemos hacerlo.<\/p>\n<p style=\"text-align: justify;\">Algunos clientes trasladan su web a nuestro servidor y por tanto, realizamos la migraci\u00f3n de las cuentas de correo. \u00bfAlguna vez se pregunt\u00f3 si esto pod\u00eda hacerse?<\/p>\n<h1>Despu\u00e9s, \u00bfpodr\u00e9 gestionar mi p\u00e1gina web?<\/h1>\n<p style=\"text-align: justify;\">Una vez creada su web, esta no permanecer\u00e1 est\u00e1tica y podr\u00e1 realizar cambios cuando lo desee* (o solicitar que realicemos cambios por usted). Para gestionar su p\u00e1gina web empresa o acceder a sus correos, configuraci\u00f3n, etc. tendr\u00e1 acceso a su <strong>panel de control,<\/strong> donde crear cuentas de correo, eliminarlas, crear usuarios, realizar copias de seguridad y realizar todas las gestiones de su sitio y servicios contratados.<\/p>\n<p style=\"text-align: justify;\">Pulse aqu\u00ed si desea ver una <a href=\"http:\/\/pymessoft.com\/ayuda\/panel-control\/\" target=\"_blank\">muestra de su panel de control.<\/a><\/p>\n<div style=\"text-align: justify;\">\u00a0*planes din\u00e1micos: wordpress, joomla&#8230;<\/div>\n","protected":false},"excerpt":{"rendered":"<p>\u00bfQu\u00e9 es una P\u00e1gina web Empresa con Pymessoft? Asesoramos, dise\u00f1amos y creamos su \u00abP\u00e1gina Web Empresa\u00bb para su negocio, empresa o su actividad como aut\u00f3nomo, con todo lo que necesita para adaptarse a la web y sacarle todo el rendimiento posible. Si desea crear su p\u00e1gina web,\u00a0 pida presupuesto sin compromiso trataremos de asesorarle y&#8230;<\/p>\n","protected":false},"author":1,"featured_media":0,"parent":344,"menu_order":0,"comment_status":"closed","ping_status":"closed","template":"","meta":{"_kad_post_transparent":"","_kad_post_title":"","_kad_post_layout":"","_kad_post_sidebar_id":"","_kad_post_content_style":"","_kad_post_vertical_padding":"","_kad_post_feature":"","_kad_post_feature_position":"","_kad_post_header":false,"_kad_post_footer":false,"footnotes":""},"class_list":["post-673","page","type-page","status-publish","hentry"],"_links":{"self":[{"href":"https:\/\/pymessoft.com\/web\/wp-json\/wp\/v2\/pages\/673","targetHints":{"allow":["GET"]}}],"collection":[{"href":"https:\/\/pymessoft.com\/web\/wp-json\/wp\/v2\/pages"}],"about":[{"href":"https:\/\/pymessoft.com\/web\/wp-json\/wp\/v2\/types\/page"}],"author":[{"embeddable":true,"href":"https:\/\/pymessoft.com\/web\/wp-json\/wp\/v2\/users\/1"}],"replies":[{"embeddable":true,"href":"https:\/\/pymessoft.com\/web\/wp-json\/wp\/v2\/comments?post=673"}],"version-history":[{"count":88,"href":"https:\/\/pymessoft.com\/web\/wp-json\/wp\/v2\/pages\/673\/revisions"}],"predecessor-version":[{"id":1592,"href":"https:\/\/pymessoft.com\/web\/wp-json\/wp\/v2\/pages\/673\/revisions\/1592"}],"up":[{"embeddable":true,"href":"https:\/\/pymessoft.com\/web\/wp-json\/wp\/v2\/pages\/344"}],"wp:attachment":[{"href":"https:\/\/pymessoft.com\/web\/wp-json\/wp\/v2\/media?parent=673"}],"curies":[{"name":"wp","href":"https:\/\/api.w.org\/{rel}","templated":true}]}}