{"id":868,"date":"2015-11-03T06:42:07","date_gmt":"2015-11-03T04:42:07","guid":{"rendered":"http:\/\/pymessoft.com\/web\/?page_id=868"},"modified":"2024-11-25T19:14:45","modified_gmt":"2024-11-25T17:14:45","slug":"diseno-de-tripticos-flyers-carteleria-en-malaga","status":"publish","type":"page","link":"https:\/\/pymessoft.com\/web\/diseno-de-tripticos-flyers-carteleria-en-malaga\/","title":{"rendered":"Dise\u00f1o de tr\u00edpticos, flyers, carteler\u00eda en M\u00e1laga"},"content":{"rendered":"\n<p>Realizamos el dise\u00f1o de tr\u00edpticos, flyers, carteler\u00eda. Le damos varias opciones de dise\u00f1o a elegir seg\u00fan el trabajo solicitado. Realizamos el dise\u00f1o de su web, logotipo, imagen corporativa, etc. Cons\u00faltenos sin compromiso para <a href=\"https:\/\/pymessoft.com\/web\/contacto\/presupuesto-pagina-web\/\" data-type=\"page\" data-id=\"1357\">pedir presupuesto<\/a> de dise\u00f1o de tr\u00edpticos, flyers, carteler\u00eda.<\/p>\n\n\n\n<hr class=\"wp-block-separator has-alpha-channel-opacity\"\/>\n\n\n\n<p>Aqu\u00ed le mostramos algunos dise\u00f1os realizados:<\/p>\n\n\n\n<p>ESTAMOS MODIFICANDO LA WEB &#8211; DISCULPEN LAS MOLESTIAS<\/p>\n\n\n\n<hr class=\"wp-block-separator has-alpha-channel-opacity\"\/>\n\n\n\n<p>Puede <a href=\"http:\/\/pymessoft.com\/web\/contacto\/\" data-wplink-edit=\"true\">contactar con nosotros<\/a>&nbsp;para solicitar el presupuesto para que realicemos el dise\u00f1o de tripticos, flyers, carteler\u00eda en M\u00e1laga. Si lo desea, d\u00e9jenos su n\u00famero de tel\u00e9fono y nos pondremos en contacto con usted.<\/p>\n","protected":false},"excerpt":{"rendered":"<p>Realizamos el dise\u00f1o de tr\u00edpticos, flyers, carteler\u00eda. Le damos varias opciones de dise\u00f1o a elegir seg\u00fan el trabajo solicitado. Realizamos el dise\u00f1o de su web, logotipo, imagen corporativa, etc. Cons\u00faltenos sin compromiso para pedir presupuesto de dise\u00f1o de tr\u00edpticos, flyers, carteler\u00eda. Aqu\u00ed le mostramos algunos dise\u00f1os realizados: ESTAMOS MODIFICANDO LA WEB &#8211; DISCULPEN LAS MOLESTIAS&#8230;<\/p>\n","protected":false},"author":1,"featured_media":0,"parent":0,"menu_order":0,"comment_status":"closed","ping_status":"closed","template":"","meta":{"_kad_post_transparent":"","_kad_post_title":"","_kad_post_layout":"","_kad_post_sidebar_id":"","_kad_post_content_style":"","_kad_post_vertical_padding":"","_kad_post_feature":"","_kad_post_feature_position":"","_kad_post_header":false,"_kad_post_footer":false,"footnotes":""},"class_list":["post-868","page","type-page","status-publish","hentry"],"_links":{"self":[{"href":"https:\/\/pymessoft.com\/web\/wp-json\/wp\/v2\/pages\/868","targetHints":{"allow":["GET"]}}],"collection":[{"href":"https:\/\/pymessoft.com\/web\/wp-json\/wp\/v2\/pages"}],"about":[{"href":"https:\/\/pymessoft.com\/web\/wp-json\/wp\/v2\/types\/page"}],"author":[{"embeddable":true,"href":"https:\/\/pymessoft.com\/web\/wp-json\/wp\/v2\/users\/1"}],"replies":[{"embeddable":true,"href":"https:\/\/pymessoft.com\/web\/wp-json\/wp\/v2\/comments?post=868"}],"version-history":[{"count":28,"href":"https:\/\/pymessoft.com\/web\/wp-json\/wp\/v2\/pages\/868\/revisions"}],"predecessor-version":[{"id":2660,"href":"https:\/\/pymessoft.com\/web\/wp-json\/wp\/v2\/pages\/868\/revisions\/2660"}],"wp:attachment":[{"href":"https:\/\/pymessoft.com\/web\/wp-json\/wp\/v2\/media?parent=868"}],"curies":[{"name":"wp","href":"https:\/\/api.w.org\/{rel}","templated":true}]}}