{"id":1241,"date":"2016-03-23T14:59:22","date_gmt":"2016-03-23T12:59:22","guid":{"rendered":"http:\/\/pymessoft.com\/web\/?post_type=product&#038;p=1241"},"modified":"2024-10-24T20:15:51","modified_gmt":"2024-10-24T18:15:51","slug":"hosting-moodle","status":"publish","type":"product","link":"https:\/\/pymessoft.com\/web\/product\/hosting-moodle\/","title":{"rendered":"Hosting Moodle, Cursos online y formaci\u00f3n con Moodle"},"content":{"rendered":"<h1>Hosting Moodle para la formaci\u00f3n<\/h1>\n<p style=\"text-align: justify;\"><strong><img loading=\"lazy\" decoding=\"async\" class=\"alignleft wp-image-1554 size-full\" title=\"hosting moodle \" src=\"http:\/\/pymessoft.com\/web\/wp-content\/uploads\/2017\/01\/hosting-moodle-logo.png\" alt=\"hosting moodle \" width=\"204\" height=\"61\" srcset=\"https:\/\/pymessoft.com\/web\/wp-content\/uploads\/2017\/01\/hosting-moodle-logo.png 204w, https:\/\/pymessoft.com\/web\/wp-content\/uploads\/2017\/01\/hosting-moodle-logo-200x61.png 200w, https:\/\/pymessoft.com\/web\/wp-content\/uploads\/2017\/01\/hosting-moodle-logo-150x45.png 150w\" sizes=\"auto, (max-width: 204px) 100vw, 204px\" \/><\/strong>Contrata un <strong>hosting Moodle<\/strong> o hosting elearning para moodle con nosotros y podr\u00e1s impartir online cursos a distancia.<\/p>\n<p style=\"text-align: justify;\">Moodle es la herramienta de formaci\u00f3n m\u00e1s conocida de la red. Contratando Hosting Moodle podr\u00e1 evaluar y formar con cursos online.<\/p>\n<p style=\"text-align: justify;\">Tenemos precios muy competitivos. Para cursos de formaci\u00f3n Hosting Moodle es la mejor opci\u00f3n.<\/p>\n<p style=\"text-align: justify;\">Tiene multiples ventajas como son la creaci\u00f3n de<strong> grupos<\/strong>, al mismo tiempo que permite la conversaci\u00f3n privada entre los <strong>estudiantes<\/strong>. Este medio es ideal para llevar a cabo <strong>evaluaciones<\/strong> de <strong>cursos<\/strong>; en este caso el docente prepara una serie de <strong>preguntas<\/strong> y las plantea durante la realizaci\u00f3n del encuentro con sus estudiantes.<\/p>\n<p style=\"text-align: justify;\">Usando un alojamiento para Moodle, podr\u00e1 gestionar cursos f\u00e1cilmente y quiz\u00e1s hacer uso de los <strong>foros<\/strong> para que todos los participantes pueden contribuir a la <strong>formaci\u00f3n<\/strong>.<\/p>\n<p style=\"text-align: justify;\">L\u00f3gicamente, tambi\u00e9n dispone de creaci\u00f3n de cursos en linea ideal para la realizaci\u00f3n de <strong>formaci\u00f3n a distacia<\/strong> o reforzar la formaci\u00f3n <strong>semipresencial<\/strong>.<\/p>\n<h1>\u00bfQu\u00e9 m\u00e1s puede hacer por mi Hosting Moodle?<\/h1>\n<p style=\"text-align: justify;\">Comparado con la formaci\u00f3n presencial, puede servir de<strong> apoyo<\/strong> a las clases y permitir gestionar los cursos online: cursos, realizar tests online, seguimiento de los alumnos.<\/p>\n<p style=\"text-align: justify;\">Hoy en d\u00eda, es imprescindible\u00a0en la <strong>educaci\u00f3n a distancia,<\/strong> utilizando para ello multitud de herramientas web para la formaci\u00f3n (<strong>foros<\/strong> de discusi\u00f3n, presentaci\u00f3n de <strong>contenidos<\/strong>, realizaci\u00f3n de <strong>tareas<\/strong>, <strong>cuestionarios, examenes<\/strong>\u2026). Es un valor a\u00f1adido\u00a0en los procesos de ense\u00f1anza-aprendizaje.<\/p>\n<p style=\"text-align: justify;\">Ofrecemos\u00a0diferentes <strong>soluciones<\/strong> y <strong>precios<\/strong> muy competitivos seg\u00fan sus necesidades.<\/p>\n<p style=\"text-align: justify;\">Puede consultar el precio de Hosting Moodle, o tambi\u00e9n solicitar nuestra tarifa de precios y planes para plataformas de formaci\u00f3n.<\/p>\n<h1 style=\"text-align: justify;\">Ejemplo de Plataforma de formaci\u00f3n con Hosting Moodle<\/h1>\n<ul>\n<li style=\"text-align: justify;\">Plataforma de formaci\u00f3n TIC <a title=\"Aulacampus\" href=\"http:\/\/www.aulacampus.es\" target=\"_blank\" rel=\"noopener noreferrer\">www.aulacampus.es<\/a><\/li>\n<\/ul>\n<p style=\"text-align: justify;\">Si necesita contratar un gestor de la plataforma de formaci\u00f3n, que se encargar\u00e1 de <strong>administrar y configurar la plataforma de formaci\u00f3n <\/strong>en su lugar, p\u00eddanos <a href=\"http:\/\/pymessoft.com\/web\/contacto\/presupuesto-pagina-web\/\">presupuesto<\/a> sin compromiso alguno.<\/p>\n<p style=\"text-align: justify;\">Si buscas un Hosting Moodle especializado, te lo ponemos muy f\u00e1cil.<\/p>\n<p style=\"text-align: justify;\">Para m\u00e1s informaci\u00f3n puedes <a href=\"http:\/\/pymessoft.com\/web\/contacto\/\">ponerte en contacto con nosotros<\/a>.<\/p>\n<h1 style=\"text-align: justify;\">Rendimiento de un Hosting Moodle<\/h1>\n<p><img loading=\"lazy\" decoding=\"async\" class=\"aligncenter wp-image-1561 size-large\" title=\"hosting moodle grafica\" src=\"http:\/\/pymessoft.com\/web\/wp-content\/uploads\/2016\/03\/hosting-moodle-rendimiento-800x548.png\" alt=\"hosting moodle rendimiento\" width=\"800\" height=\"548\" srcset=\"https:\/\/pymessoft.com\/web\/wp-content\/uploads\/2016\/03\/hosting-moodle-rendimiento-800x548.png 800w, https:\/\/pymessoft.com\/web\/wp-content\/uploads\/2016\/03\/hosting-moodle-rendimiento-300x205.png 300w, https:\/\/pymessoft.com\/web\/wp-content\/uploads\/2016\/03\/hosting-moodle-rendimiento-250x171.png 250w, https:\/\/pymessoft.com\/web\/wp-content\/uploads\/2016\/03\/hosting-moodle-rendimiento-768x526.png 768w, https:\/\/pymessoft.com\/web\/wp-content\/uploads\/2016\/03\/hosting-moodle-rendimiento-219x150.png 219w, https:\/\/pymessoft.com\/web\/wp-content\/uploads\/2016\/03\/hosting-moodle-rendimiento-150x103.png 150w, https:\/\/pymessoft.com\/web\/wp-content\/uploads\/2016\/03\/hosting-moodle-rendimiento.png 1184w\" sizes=\"auto, (max-width: 800px) 100vw, 800px\" \/><\/p>\n<p>Finalmente, llevamos a cabo un test de rendimiento al servidor web moodle para comprobar la calidad de conexi\u00f3n y el tiempo de respuesta. (Ver imagen)<\/p>\n<hr \/>\n<h1>\u00bfCu\u00e1nto cuesta un Hosting para Moodle?<\/h1>\n<p>Como conclusi\u00f3n, tienes a tu disposici\u00f3n 3 opciones de configuraci\u00f3n de la plataforma de formaci\u00f3n Moodle. Puedes consultar los precios en la siguiente tabla:<br \/>\n<a name=\"planes\"><\/a><br \/>\n<style> \/* simple flat #1550 *\/#ptp-1550{border-color:#ddd;padding:0;margin-left:0;margin-right:0}#ptp-1550 div.ptp-item-container{border-radius:0}#ptp-1550 div.ptp-item-container div{margin:0}#ptp-1550 .ptp-highlight div.ptp-item-container{border-color:#ddd}#ptp-1550 div.ptp-plan{border-top-right-radius:0;border-top-left-radius:0;font-size:1.5em;border-color:#ddd;background-color:#ddd;color:#333;padding:.9375em 1.25em}#ptp-1550 div.ptp-plan .has-tip{border-bottom:dotted 1px #333;color:#333}#ptp-1550 .ptp-highlight div.ptp-plan{border-color:#ddd;background-color:#ddd;color:#333}#ptp-1550 .ptp-highlight div.ptp-plan .has-tip{border-bottom:dotted 1px #333;color:#333}#ptp-1550 div.ptp-price{font-size:1.25em;background-color:#eee;color:#333;padding:.9375em 1.25em}#ptp-1550 div.ptp-price .has-tip{border-bottom:dotted 1px #333;color:#333}#ptp-1550 .ptp-highlight div.ptp-price{background-color:#eee;color:#333}#ptp-1550 .ptp-highlight div.ptp-price .has-tip{border-bottom:dotted 1px #333;color:#333}#ptp-1550 div.ptp-cta{border-bottom-right-radius:0;border-bottom-left-radius:0;background-color:#eee;padding-top:1.25em;padding-bottom:1.25em}#ptp-1550 .ptp-highlight div.ptp-cta{background-color:#eee}#ptp-1550 a.ptp-button{border-radius:0;font-size:1em;color:#fff;background-color:#3498db;border-bottom:#2980b9 4px solid;margin:0}#ptp-1550 a.ptp-button .has-tip,#ptp-1550 a.ptp-button:hover .has-tip{border-bottom:dotted 1px #fff;color:#fff}#ptp-1550 a.ptp-button:hover{background-color:#2980b9}#ptp-1550 div.ptp-bullet-item{color:#333;background-color:#fff;font-size:.875em;border-color:#ddd;padding:.9375em .5em .9375em .5em}#ptp-1550 .ptp-highlight .ptp-bullet-item{color:#333;border-color:#ddd;background-color:#fff}#ptp-1550 .ptp-highlight a.ptp-button{color:#fff;background-color:#e71173;border-bottom:#e80068 4px solid}#ptp-1550 .ptp-highlight a.ptp-button:hover{background-color:#e83c89}#ptp-1550 .ptp-highlight a.ptp-button .has-tip{border-bottom:dotted 1px #fff;color:#fff}#ptp-1550 div.ptp-most-popular{border-radius:0;font-size:.9em;background-color:#7f8c8d;color:#fff;border:1px solid #7f8c8d}\/* end of simple flat #1550 *\/<\/style>        <script type=\"text\/javascript\">\n         jQuery(document).ready(function($) {\n            jQuery.call_match_height_1550 = function call_match_height_design1(ptp_id) {\n                                $( ptp_id+' .ptp-plan' ).matchHeight(false); \n                                $( ptp_id+' .ptp-cta' ).matchHeight(false); \n                                $( ptp_id+' .ptp-price' ).matchHeight(false);\n                                $( ptp_id+' .ptp-button' ).matchHeight(false);\n\n                                $( ptp_id+' .ptp-bullet-item' ).each(function( index ){\n                                    $( ptp_id+' .ptp-row-id-'+index ).matchHeight(false);\n             \n                                });  \n                         }\n            var ptp_id = '#ptp-'+1550 ;\n            $.call_match_height_1550 ( ptp_id );              \n         });\n      <\/script>\n      \n        <div id=\"ptp-1550\" class=\"ptp-pricing-table\" ><div class=\"ptp-col ptp-three-col  ptp-col-id-0 dh-ptp-col-id-0\"><div class=\"ptp-not-most-popular\">&nbsp;<\/div><div class=\"ptp-item-container\"><div class=\"ptp-plan\"><img decoding=\"async\" src=\"https:\/\/pymessoft.com\/web\/wp-content\/uploads\/2017\/01\/hosting-moodle-logo.png\" alt=\"hosting moodle bronce\">Hosting Moodle <br \/> <span style=\"color:#8C7853\"> Bronce<\/span><\/div><div class=\"ptp-price\">69.90 \u20ac \/ mes<\/div><div class=\"ptp-bullet-item ptp-row-id-0\">Tipo hosting: Cloud Linux\r<\/div><div class=\"ptp-bullet-item ptp-row-id-1\">Espacio Disco Duro: 5GB SSD\r<\/div><div class=\"ptp-bullet-item ptp-row-id-2\">Usuarios simultaneos: 25\r<\/div><div class=\"ptp-bullet-item ptp-row-id-3\">Transferencia Ilimitada\r<\/div><div class=\"ptp-bullet-item ptp-row-id-4\">Ip y Datacenter Europa\r<\/div><div class=\"ptp-bullet-item ptp-row-id-5\">Panel Onyx\r<\/div><div class=\"ptp-bullet-item ptp-row-id-6\">Soporte moodle\r<\/div><div class=\"ptp-bullet-item ptp-row-id-7\">Moodle autoinstalador\r<\/div><div class=\"ptp-bullet-item ptp-row-id-8\">Seguridad Avanzada\r<\/div><div class=\"ptp-bullet-item ptp-row-id-9\">Backup Mensual\r<\/div><div class=\"ptp-bullet-item ptp-row-id-10 tt-ptp-empty-row \">&nbsp;<\/div><div class=\"ptp-bullet-item ptp-row-id-11 tt-ptp-empty-row \">&nbsp;<\/div><div class=\"ptp-cta\"><a class=\"ptp-button ptp-checkout-button\" id=\"ptp-1550-cta-0\" href=\"https:\/\/pymessoft.com\/web\/product\/pagina-web\/cart\/?add-to-cart=1555\">Lo quiero!<\/a><\/div><\/div><\/div><div class=\"ptp-col ptp-three-col ptp-highlight ptp-col-id-1 dh-ptp-col-id-1\"><div class=\"ptp-most-popular\">Recomendado<\/div><div class=\"ptp-item-container\"><div class=\"ptp-plan\"><img decoding=\"async\" src=\"https:\/\/pymessoft.com\/web\/wp-content\/uploads\/2017\/01\/hosting-moodle-logo.png\" alt=\"hosting moodle plata\">Hosting Moodle <br \/><span style=\"color:#A0A0A0\"> Plata <\/span><\/div><div class=\"ptp-price\">159.90 \u20ac \/ mes<\/div><div class=\"ptp-bullet-item ptp-row-id-0\">Tipo hosting: Cloud Linux\r<\/div><div class=\"ptp-bullet-item ptp-row-id-1\">Espacio Disco Duro: 10GB SSD\r<\/div><div class=\"ptp-bullet-item ptp-row-id-2\">Usuarios simultaneos: 50\r<\/div><div class=\"ptp-bullet-item ptp-row-id-3\">Transferencia Ilimitada\r<\/div><div class=\"ptp-bullet-item ptp-row-id-4\">Ip y Datacenter Europa\r<\/div><div class=\"ptp-bullet-item ptp-row-id-5\">Panel Onyx\r<\/div><div class=\"ptp-bullet-item ptp-row-id-6\">Soporte moodle\r<\/div><div class=\"ptp-bullet-item ptp-row-id-7\">Moodle autoinstalador\r<\/div><div class=\"ptp-bullet-item ptp-row-id-8\">Seguridad Avanzada\r<\/div><div class=\"ptp-bullet-item ptp-row-id-9\">Backup Semanal\r<\/div><div class=\"ptp-bullet-item ptp-row-id-10\">Antispam \r<\/div><div class=\"ptp-bullet-item ptp-row-id-11\">SSL Si (Let's Encrypt)<\/div><div class=\"ptp-cta\"><a class=\"ptp-button ptp-checkout-button\" id=\"ptp-1550-cta-1\" href=\"https:\/\/pymessoft.com\/web\/product\/pagina-web\/cart\/?add-to-cart=1556\">Lo quiero!<\/a><\/div><\/div><\/div><div class=\"ptp-col ptp-three-col  ptp-col-id-2 dh-ptp-col-id-2\"><div class=\"ptp-not-most-popular\">&nbsp;<\/div><div class=\"ptp-item-container\"><div class=\"ptp-plan\"><img decoding=\"async\" src=\"https:\/\/pymessoft.com\/web\/wp-content\/uploads\/2017\/01\/hosting-moodle-logo.png\" alt=\"hosting moodle oro\">Hosting Moodle <br \/><span style=\"color:#DDC100\"> Oro <\/span><\/div><div class=\"ptp-price\">299.90 \u20ac \/ mes<\/div><div class=\"ptp-bullet-item ptp-row-id-0\">Tipo hosting: Cloud Linux\r<\/div><div class=\"ptp-bullet-item ptp-row-id-1\">Espacio Disco Duro: 30GB SSD\r<\/div><div class=\"ptp-bullet-item ptp-row-id-2\">Usuarios simultaneos:120\r<\/div><div class=\"ptp-bullet-item ptp-row-id-3\">Transferencia Ilimitada\r<\/div><div class=\"ptp-bullet-item ptp-row-id-4\">Ip y Datacenter Europa\r<\/div><div class=\"ptp-bullet-item ptp-row-id-5\">Panel Onyx\r<\/div><div class=\"ptp-bullet-item ptp-row-id-6\">Soporte moodle\r<\/div><div class=\"ptp-bullet-item ptp-row-id-7\">Moodle autoinstalador\r<\/div><div class=\"ptp-bullet-item ptp-row-id-8\">Seguridad Avanzada\r<\/div><div class=\"ptp-bullet-item ptp-row-id-9\">Backup Diario\r<\/div><div class=\"ptp-bullet-item ptp-row-id-10\">Antispam\r<\/div><div class=\"ptp-bullet-item ptp-row-id-11\">SSL Si (Let's Encrypt)<\/div><div class=\"ptp-cta\"><a class=\"ptp-button ptp-checkout-button\" id=\"ptp-1550-cta-2\" href=\"https:\/\/pymessoft.com\/web\/product\/pagina-web\/cart\/?add-to-cart=1557\">Lo quiero!<\/a><\/div><\/div><\/div><\/div><\/p>\n<hr \/>\n<h5>temas de inter\u00e9s: hosting moodle, alojamiento moodle, servidor moodle, formaci\u00f3n online moodle, elearning moodle<\/h5>\n","protected":false},"excerpt":{"rendered":"<h1>\u00bfQu\u00e9 es Hosting Moodle?<\/h1>\n<p style=\"text-align: justify;\"><strong><img loading=\"lazy\" decoding=\"async\" class=\"alignleft wp-image-1554 size-full\" title=\"hosting moodle \" src=\"https:\/\/pymessoft.com\/web\/wp-content\/uploads\/2017\/01\/hosting-moodle-logo.png\" alt=\"hosting moodle \" width=\"204\" height=\"61\" srcset=\"https:\/\/pymessoft.com\/web\/wp-content\/uploads\/2017\/01\/hosting-moodle-logo.png 204w, https:\/\/pymessoft.com\/web\/wp-content\/uploads\/2017\/01\/hosting-moodle-logo-200x61.png 200w, https:\/\/pymessoft.com\/web\/wp-content\/uploads\/2017\/01\/hosting-moodle-logo-150x45.png 150w\" sizes=\"auto, (max-width: 204px) 100vw, 204px\" \/><\/strong>Una plataforma de formaci\u00f3n online o cursos a distancia m\u00e1s conocida de la red.\u00a0Tenemos precios muy competitivos para <strong>Hosting Moodle. <\/strong> Contratando Hosting Moodle podr\u00e1 llevar a cabo evaluaciones de cursos. Para cursos de formaci\u00f3n Hosting Moodle es la mejor opci\u00f3n.<\/p>\n<h1>\u00bfQu\u00e9 puede hacer Hosting Moodle?<\/h1>\n<p style=\"text-align: justify;\">Tambi\u00e9n puede servir como <strong>apoyo<\/strong> a <strong>clases presenciales<\/strong> y permite gestionar e impartir <strong>cursos online<\/strong>: cursos, test, seguimiento&#8230; Puedes consultar la <a href=\"#planes\">los planes y precios aqu\u00ed<\/a>. Si no lo tiene claro, <a href=\"https:\/\/pymessoft.com\/web\/contacto\/\">contacte con nosotros<\/a> para asesorarle.<\/p>\n","protected":false},"featured_media":2379,"comment_status":"closed","ping_status":"closed","template":"","meta":{"_kad_post_transparent":"","_kad_post_title":"","_kad_post_layout":"","_kad_post_sidebar_id":"","_kad_post_content_style":"","_kad_post_vertical_padding":"","_kad_post_feature":"","_kad_post_feature_position":"","_kad_post_header":false,"_kad_post_footer":false},"product_brand":[],"product_cat":[83,82],"product_tag":[137,66,135,136],"class_list":{"0":"post-1241","1":"product","2":"type-product","3":"status-publish","4":"has-post-thumbnail","6":"product_cat-alojamiento","7":"product_cat-hosting","8":"product_tag-formacion","9":"product_tag-hosting","10":"product_tag-moodle","11":"product_tag-plataforma","13":"first","14":"instock","15":"featured","16":"taxable","17":"shipping-taxable","18":"purchasable","19":"product-type-variable","20":"entry","21":"content-bg","22":"loop-entry"},"_links":{"self":[{"href":"https:\/\/pymessoft.com\/web\/wp-json\/wp\/v2\/product\/1241","targetHints":{"allow":["GET"]}}],"collection":[{"href":"https:\/\/pymessoft.com\/web\/wp-json\/wp\/v2\/product"}],"about":[{"href":"https:\/\/pymessoft.com\/web\/wp-json\/wp\/v2\/types\/product"}],"replies":[{"embeddable":true,"href":"https:\/\/pymessoft.com\/web\/wp-json\/wp\/v2\/comments?post=1241"}],"wp:featuredmedia":[{"embeddable":true,"href":"https:\/\/pymessoft.com\/web\/wp-json\/wp\/v2\/media\/2379"}],"wp:attachment":[{"href":"https:\/\/pymessoft.com\/web\/wp-json\/wp\/v2\/media?parent=1241"}],"wp:term":[{"taxonomy":"product_brand","embeddable":true,"href":"https:\/\/pymessoft.com\/web\/wp-json\/wp\/v2\/product_brand?post=1241"},{"taxonomy":"product_cat","embeddable":true,"href":"https:\/\/pymessoft.com\/web\/wp-json\/wp\/v2\/product_cat?post=1241"},{"taxonomy":"product_tag","embeddable":true,"href":"https:\/\/pymessoft.com\/web\/wp-json\/wp\/v2\/product_tag?post=1241"}],"curies":[{"name":"wp","href":"https:\/\/api.w.org\/{rel}","templated":true}]}}