{"id":198,"date":"2015-09-22T05:48:06","date_gmt":"2015-09-22T03:48:06","guid":{"rendered":"http:\/\/pymessoft.com\/web\/?post_type=product&#038;p=198"},"modified":"2024-10-31T20:10:22","modified_gmt":"2024-10-31T18:10:22","slug":"hosting-web","status":"publish","type":"product","link":"https:\/\/pymessoft.com\/web\/product\/hosting-web\/","title":{"rendered":"Hosting web: Alojamiento profesional para p\u00e1ginas web"},"content":{"rendered":"<h1 style=\"text-align: justify;\"><img loading=\"lazy\" decoding=\"async\" class=\"alignright wp-image-1567 size-thumbnail\" title=\"Comprar Web\" src=\"http:\/\/pymessoft.com\/web\/wp-content\/uploads\/2015\/09\/hosting-web-150x150.png\" alt=\"Comprar Web\" width=\"150\" height=\"150\" srcset=\"https:\/\/pymessoft.com\/web\/wp-content\/uploads\/2015\/09\/hosting-web-150x150.png 150w, https:\/\/pymessoft.com\/web\/wp-content\/uploads\/2015\/09\/hosting-web.png 300w, https:\/\/pymessoft.com\/web\/wp-content\/uploads\/2015\/09\/hosting-web-200x200.png 200w, https:\/\/pymessoft.com\/web\/wp-content\/uploads\/2015\/09\/hosting-web-100x100.png 100w, https:\/\/pymessoft.com\/web\/wp-content\/uploads\/2015\/09\/hosting-web-250x250.png 250w\" sizes=\"auto, (max-width: 150px) 100vw, 150px\" \/>Hosting o alojamiento para p\u00e1ginas web y correos<\/h1>\n<p style=\"text-align: justify;\">Si quieres una p\u00e1gina web profesional, entonces debes tener un <strong>Hosting<\/strong>\u00a0Web profesional.\u00a0 Probablemente te preguntes que es un <strong>alojamiento<\/strong> o espacio web.<\/p>\n<p style=\"text-align: justify;\">Primero debes saber que un servidor de hosting es un ordenador conectado a Internet donde se alojan los archivos de las <strong>p\u00e1ginas web<\/strong>. En segundo lugar, un <strong>dominio<\/strong> deber\u00e1 estar direccionado al hosting web.<\/p>\n<p style=\"text-align: justify;\">Por otro lado, tu servidor web contendr\u00e1 los <strong>buzones de correo<\/strong>, \u00a0archivos de <strong>backups<\/strong> o copias de <strong>seguridad, <\/strong>as\u00ed como el resto de <strong>aplicaciones web<\/strong> que necesites.<\/p>\n<p style=\"text-align: justify;\">Adem\u00e1s, deber\u00e1 buscar un <a href=\"http:\/\/pymessoft.com\/web\/crear-mi-pagina-web\/buscar-un-dominio\/\" target=\"_blank\" rel=\"noopener\">nombre de dominio<\/a> \u00fanico para identificar su p\u00e1gina web y sus cuentas de correo. (Si desea migrar con nosotros, puedes <a href=\"http:\/\/pymessoft.com\/web\/contacto\/\" target=\"_blank\" rel=\"noopener\">enviarnos un mensaje para solicitar presupuesto<\/a>).<\/p>\n<p style=\"text-align: justify;\">Ofrecemos un hosting con <strong>discos duros s\u00f3lidos de alta velocidad, servicios antivirus y antispam<\/strong> y unas\u00a0<a href=\"http:\/\/pymessoft.com\/web\/nuestros-servidores\/\" target=\"_blank\" rel=\"noopener noreferrer\">caracter\u00edsticas de \u00faltima generaci\u00f3n<\/a>. Hosting Web<\/p>\n<p style=\"text-align: justify;\">En Pymessoft puedes contratar tu servidor web. Hemos creado tres planes de hosting web con diferentes caracter\u00edsticas. Puede elegir un plan de hosting web, dominio y correos adaptado a sus necesidades.<\/p>\n<h2 style=\"text-align: justify;\">Comprar web: planes y precio web. Alojamiento web personalizado para alojar su p\u00e1gina<\/h2>\n<ul style=\"text-align: justify;\">\n<li style=\"text-align: justify;\"><strong>Plan Bronce:<\/strong>\u00a0Un plan de alojamiento web personal, con su cuenta de correo y algo de tr\u00e1fico. Ideal para empezar con tu pagina web.\u00a0\u00a0Si quiere comprar web Plan Bronce, consulte el precio web m\u00e1s abajo.<\/li>\n<li style=\"text-align: justify;\"><strong>Plan Plata:\u00a0<\/strong>\u00a0Este plan es un\u00a0hosting web m\u00e1s profesional, con varias cuentas de correo y algo m\u00e1s de capacidad. Permite tener su p\u00e1gina, correos e incluso tienda online mediante plugin.\u00a0Si desea comprar web Plan Plata, consulte el precio del alojamiento para p\u00e1ginas web m\u00e1s abajo.<\/li>\n<li style=\"text-align: justify;\"><strong>Plan Oro<\/strong>: Un hosting web ideal para p\u00e1ginas web, con\u00a0todo lo anterior: incluidas copias de seguridad, antivirus, antispam&#8230; Un plan profesional para su empresa. Para comprar web Plan Oro, consulte el precio web m\u00e1s adelante.<\/li>\n<li style=\"text-align: justify;\"><strong>Plan Diamante<\/strong>: Un plan perfecto para su Empresa web con todo y adem\u00e1s <strong>much\u00edsima capacidad<\/strong>. Si su empresa necesita comprar web Plan Diamante, consulte el precio web y caracter\u00edsticas aqu\u00ed mismo.<\/li>\n<\/ul>\n<p><a name=\"planes\"><\/a><\/p>\n<p style=\"text-align: justify;\"><style> \/* simple flat #631 *\/#ptp-631{border-color:#ddd;padding:0;margin-left:0;margin-right:0}#ptp-631 div.ptp-item-container{border-radius:5px}#ptp-631 div.ptp-item-container div{margin:0}#ptp-631 .ptp-highlight div.ptp-item-container{border-color:#ddd}#ptp-631 div.ptp-plan{border-top-right-radius:5px;border-top-left-radius:5px;font-size:1.5em;border-color:#ddd;background-color:#ddd;color:#333;padding:.9375em 1.25em}#ptp-631 div.ptp-plan .has-tip{border-bottom:dotted 1px #333;color:#333}#ptp-631 .ptp-highlight div.ptp-plan{border-color:#ddd;background-color:#ddd;color:#333}#ptp-631 .ptp-highlight div.ptp-plan .has-tip{border-bottom:dotted 1px #333;color:#333}#ptp-631 div.ptp-price{font-size:1.25em;background-color:#eee;color:#333;padding:.9375em 1.25em}#ptp-631 div.ptp-price .has-tip{border-bottom:dotted 1px #333;color:#333}#ptp-631 .ptp-highlight div.ptp-price{background-color:#eee;color:#333}#ptp-631 .ptp-highlight div.ptp-price .has-tip{border-bottom:dotted 1px #333;color:#333}#ptp-631 div.ptp-cta{border-bottom-right-radius:5px;border-bottom-left-radius:5px;background-color:#eee;padding-top:1.25em;padding-bottom:1.25em}#ptp-631 .ptp-highlight div.ptp-cta{background-color:#eee}#ptp-631 a.ptp-button{border-radius:5px;font-size:1em;color:#fff;background-color:#3498db;border-bottom:#2980b9 4px solid;margin:0}#ptp-631 a.ptp-button .has-tip,#ptp-631 a.ptp-button:hover .has-tip{border-bottom:dotted 1px #fff;color:#fff}#ptp-631 a.ptp-button:hover{background-color:#2980b9}#ptp-631 div.ptp-bullet-item{color:#333;background-color:#fff;font-size:1em;border-color:#ddd;padding:.9375em .5em .9375em .5em}#ptp-631 .ptp-highlight .ptp-bullet-item{color:#333;border-color:#ddd;background-color:#fff}#ptp-631 .ptp-highlight a.ptp-button{color:#fff;background-color:#ff72b1;border-bottom:#ff328e 4px solid}#ptp-631 .ptp-highlight a.ptp-button:hover{background-color:#ff0876}#ptp-631 .ptp-highlight a.ptp-button .has-tip{border-bottom:dotted 1px #fff;color:#fff}#ptp-631 div.ptp-most-popular{border-radius:5px;font-size:.9em;background-color:#7f8c8d;color:#fff;border:1px solid #7f8c8d}\/* end of simple flat #631 *\/<\/style>        <script type=\"text\/javascript\">\n         jQuery(document).ready(function($) {\n            jQuery.call_match_height_631 = function call_match_height_design1(ptp_id) {\n                                $( ptp_id+' .ptp-plan' ).matchHeight(false); \n                                $( ptp_id+' .ptp-cta' ).matchHeight(false); \n                                $( ptp_id+' .ptp-price' ).matchHeight(false);\n                                $( ptp_id+' .ptp-button' ).matchHeight(false);\n\n                                $( ptp_id+' .ptp-bullet-item' ).each(function( index ){\n                                    $( ptp_id+' .ptp-row-id-'+index ).matchHeight(false);\n             \n                                });  \n                         }\n            var ptp_id = '#ptp-'+631 ;\n            $.call_match_height_631 ( ptp_id );              \n         });\n      <\/script>\n      \n        <div id=\"ptp-631\" class=\"ptp-pricing-table\" ><div class=\"ptp-col ptp-four-col  ptp-col-id-0 dh-ptp-col-id-0\"><div class=\"ptp-not-most-popular\">&nbsp;<\/div><div class=\"ptp-item-container\"><div class=\"ptp-plan\"><img decoding=\"async\" src=\"https:\/\/pymessoft.com\/web\/wp-content\/uploads\/2017\/01\/hosting-web-bronce.png\" alt=\"hosting web bronce\">Hosting Web<br \/> <span style=\"color:#8C7853\"> Bronce<\/span><\/div><div class=\"ptp-price\">4,95\u20ac \/ mes<\/div><div class=\"ptp-bullet-item ptp-row-id-0\">Wordpress \/ HTML\r<\/div><div class=\"ptp-bullet-item ptp-row-id-1\">Panel Plesk Onyx\r<\/div><div class=\"ptp-bullet-item ptp-row-id-2\">Espacio en disco:<br \/>2 GB SDD \u00f3 4 GB HDD\r<\/div><div class=\"ptp-bullet-item ptp-row-id-3\">Transferencia mensual:<br \/> 250 GB\r<\/div><div class=\"ptp-bullet-item ptp-row-id-4\">Dominio incluido: <br \/> No \r<\/div><div class=\"ptp-bullet-item ptp-row-id-5\">Buzones de correo: <br \/>1 x 1 GB*\r<\/div><div class=\"ptp-bullet-item ptp-row-id-6\">Listas de correo: 1\r<\/div><div class=\"ptp-bullet-item ptp-row-id-7\">Bases de datos MySQL: 1\r<\/div><div class=\"ptp-bullet-item ptp-row-id-8\">Cuentas FTP: 1\r<\/div><div class=\"ptp-bullet-item ptp-row-id-9\">Informe estad\u00edstico\r<\/div><div class=\"ptp-bullet-item ptp-row-id-10\">Posibilidad de Tienda Online NO\r<\/div><div class=\"ptp-bullet-item ptp-row-id-11 tt-ptp-empty-row \">&nbsp;<\/div><div class=\"ptp-bullet-item ptp-row-id-12 tt-ptp-empty-row \">&nbsp;<\/div><div class=\"ptp-bullet-item ptp-row-id-13 tt-ptp-empty-row \">&nbsp;<\/div><div class=\"ptp-bullet-item ptp-row-id-14 tt-ptp-empty-row \">&nbsp;<\/div><div class=\"ptp-bullet-item ptp-row-id-15 tt-ptp-empty-row \">&nbsp;<\/div><div class=\"ptp-cta\"><a class=\"ptp-button ptp-checkout-button\" id=\"ptp-631-cta-0\"  href=\"https:\/\/pymessoft.com\/web\/product\/pagina-web\/cart\/?add-to-cart=200\" >Lo quiero!<\/a><\/div><\/div><\/div><div class=\"ptp-col ptp-four-col ptp-highlight ptp-col-id-1 dh-ptp-col-id-1\"><div class=\"ptp-most-popular\">Recomendado<\/div><div class=\"ptp-item-container\"><div class=\"ptp-plan\"><img decoding=\"async\" src=\"https:\/\/pymessoft.com\/web\/wp-content\/uploads\/2017\/01\/hosting-web-plata.png\" alt=\"hosting web plata\">Hosting Web<br \/><span style=\"color:#A0A0A0\"> Plata <\/span><\/div><div class=\"ptp-price\">9,95\u20ac \/ mes<\/div><div class=\"ptp-bullet-item ptp-row-id-0\">Wordpress \/ HTML\r<\/div><div class=\"ptp-bullet-item ptp-row-id-1\">Panel Plesk Onyx\r<\/div><div class=\"ptp-bullet-item ptp-row-id-2\">Espacio en disco:<br \/>5 GB SDD \u00f3 10 GB HDD\r<\/div><div class=\"ptp-bullet-item ptp-row-id-3\">Transferencia mensual:<br \/> 500 GB\r<\/div><div class=\"ptp-bullet-item ptp-row-id-4\">Dominio incluido: <br \/> 1 (1er a\u00f1o)\r<\/div><div class=\"ptp-bullet-item ptp-row-id-5\">Buzones de correo:<br \/>5 x 1 GB*\r<\/div><div class=\"ptp-bullet-item ptp-row-id-6\">Listas de correo: 5\r<\/div><div class=\"ptp-bullet-item ptp-row-id-7\">Bases de datos MySQL: 1\r<\/div><div class=\"ptp-bullet-item ptp-row-id-8\">Cuentas FTP: 1\r<\/div><div class=\"ptp-bullet-item ptp-row-id-9\">Informe estad\u00edstico\r<\/div><div class=\"ptp-bullet-item ptp-row-id-10\">Posibilidad de Tienda Online SI (Mediante Plugin)\r<\/div><div class=\"ptp-bullet-item ptp-row-id-11 tt-ptp-empty-row \">&nbsp;<\/div><div class=\"ptp-bullet-item ptp-row-id-12 tt-ptp-empty-row \">&nbsp;<\/div><div class=\"ptp-bullet-item ptp-row-id-13 tt-ptp-empty-row \">&nbsp;<\/div><div class=\"ptp-bullet-item ptp-row-id-14 tt-ptp-empty-row \">&nbsp;<\/div><div class=\"ptp-bullet-item ptp-row-id-15 tt-ptp-empty-row \">&nbsp;<\/div><div class=\"ptp-cta\"><a class=\"ptp-button ptp-checkout-button\" id=\"ptp-631-cta-1\"  href=\"https:\/\/pymessoft.com\/web\/product\/pagina-web\/cart\/?add-to-cart=201\" >Lo quiero!<\/a><\/div><\/div><\/div><div class=\"ptp-col ptp-four-col  ptp-col-id-2 dh-ptp-col-id-2\"><div class=\"ptp-not-most-popular\">&nbsp;<\/div><div class=\"ptp-item-container\"><div class=\"ptp-plan\"><img decoding=\"async\" src=\"https:\/\/pymessoft.com\/web\/wp-content\/uploads\/2017\/01\/hosting-web-oro.png\" alt=\"hosting web oro\">Hosting Web <br \/><span style=\"color:#DDC100\"> Oro <\/span><\/div><div class=\"ptp-price\">19,95\u20ac \/ mes<\/div><div class=\"ptp-bullet-item ptp-row-id-0\">Wordpress \/ HTML\r<\/div><div class=\"ptp-bullet-item ptp-row-id-1\">Panel Plesk Onyx\r<\/div><div class=\"ptp-bullet-item ptp-row-id-2\">Espacio en disco:<br \/>10 GB\r<\/div><div class=\"ptp-bullet-item ptp-row-id-3\">Transferencia mensual:<br \/> Ilimitado*\r<\/div><div class=\"ptp-bullet-item ptp-row-id-4\">Dominio incluido: <br \/>1 (1er a\u00f1o)\r<\/div><div class=\"ptp-bullet-item ptp-row-id-5\">Buzones de correo:<br \/> 10 x 1GB*\r<\/div><div class=\"ptp-bullet-item ptp-row-id-6\">Listas de correo: 10 \r<\/div><div class=\"ptp-bullet-item ptp-row-id-7\">Bases de datos MySQL: 2\r<\/div><div class=\"ptp-bullet-item ptp-row-id-8\">Cuentas FTP: 5\r<\/div><div class=\"ptp-bullet-item ptp-row-id-9\">Estad\u00edsticas mensuales\r<\/div><div class=\"ptp-bullet-item ptp-row-id-10\">Informe estad\u00edstico\r<\/div><div class=\"ptp-bullet-item ptp-row-id-11\">Posibilidad de Tienda Online SI (Nativa)\r<\/div><div class=\"ptp-bullet-item ptp-row-id-12\">Copias de seguridad (backups)\r<\/div><div class=\"ptp-bullet-item ptp-row-id-13\">Directorios protegidos con contrase\u00f1a\r<\/div><div class=\"ptp-bullet-item ptp-row-id-14\">Antivirus y Antispam<\/div><div class=\"ptp-bullet-item ptp-row-id-15 tt-ptp-empty-row \">&nbsp;<\/div><div class=\"ptp-cta\"><a class=\"ptp-button ptp-checkout-button\" id=\"ptp-631-cta-2\"  href=\"https:\/\/pymessoft.com\/web\/product\/pagina-web\/cart\/?add-to-cart=202\" >Lo quiero!<\/a><\/div><\/div><\/div><div class=\"ptp-col ptp-four-col  ptp-col-id-3 dh-ptp-col-id-3\"><div class=\"ptp-not-most-popular\">&nbsp;<\/div><div class=\"ptp-item-container\"><div class=\"ptp-plan\"><img decoding=\"async\" src=\"https:\/\/pymessoft.com\/web\/wp-content\/uploads\/2017\/01\/hosting-web-oro.png\" alt=\"hosting web oro\">Hosting Web <br \/><span style=\"color:#e71173\"> Diamante <\/span><\/div><div class=\"ptp-price\">29,95\u20ac \/ mes<\/div><div class=\"ptp-bullet-item ptp-row-id-0\">Wordpress \/ HTML\r<\/div><div class=\"ptp-bullet-item ptp-row-id-1\">Panel Plesk Onyx\r<\/div><div class=\"ptp-bullet-item ptp-row-id-2\">Espacio en disco:<br \/>25 GB\r<\/div><div class=\"ptp-bullet-item ptp-row-id-3\">Transferencia mensual:<br \/> Ilimitado*\r<\/div><div class=\"ptp-bullet-item ptp-row-id-4\">Dominio incluido:<br \/>1 (1er a\u00f1o)\r<\/div><div class=\"ptp-bullet-item ptp-row-id-5\">Buzones de correo:<br \/>25 x 1GB*\r<\/div><div class=\"ptp-bullet-item ptp-row-id-6\">Listas de correo: 25 \r<\/div><div class=\"ptp-bullet-item ptp-row-id-7\">Bases de datos MySQL: 5\r<\/div><div class=\"ptp-bullet-item ptp-row-id-8\">Cuentas FTP: 10\r<\/div><div class=\"ptp-bullet-item ptp-row-id-9\">Estad\u00edsticas mensuales\r<\/div><div class=\"ptp-bullet-item ptp-row-id-10\">Informe estad\u00edstico\r<\/div><div class=\"ptp-bullet-item ptp-row-id-11\">Posibilidad de Tienda Online SI (Nativa)\r<\/div><div class=\"ptp-bullet-item ptp-row-id-12\">Copias de seguridad (backups) y Backup FTP adicional\r<\/div><div class=\"ptp-bullet-item ptp-row-id-13\">Directorios protegidos con contrase\u00f1a\r<\/div><div class=\"ptp-bullet-item ptp-row-id-14\">Antivirus y Antispam\r<\/div><div class=\"ptp-bullet-item ptp-row-id-15\">SSL Incluido<\/div><div class=\"ptp-cta\"><a class=\"ptp-button ptp-checkout-button\" id=\"ptp-631-cta-3\"  href=\"https:\/\/pymessoft.com\/web\/product\/pagina-web\/cart\/?add-to-cart=1710\" >Lo quiero!<\/a><\/div><\/div><\/div><\/div><\/p>\n<h6 style=\"text-align: justify;\"><a href=\"https:\/\/www.google.es\/url?sa=t&amp;rct=j&amp;q=&amp;esrc=s&amp;source=web&amp;cd=2&amp;cad=rja&amp;uact=8&amp;ved=0ahUKEwiNwL-CjqjUAhULrRQKHaajDs0QygQIOTAB&amp;url=https%3A%2F%2Fes.wikipedia.org%2Fwiki%2FUnidad_de_disco_duro%23Comparativa_de_SSD_y_HDD&amp;usg=AFQjCNGSwKpdJG5kLzkClsxXq1vuz7ZWhg&amp;sig2=nTZXVygknYa3FEyqN_Jjdg\" target=\"_blank\" rel=\"noopener noreferrer\">\u00bfDiscos duro SSD de alta velocidad o HDD normal?<\/a><\/h6>\n<blockquote>\n<p style=\"text-align: justify;\">* Al solicitar un hosting pagina web, no se incluye el dise\u00f1o de la misma. Si desea que le hagamos el dise\u00f1o para su empresa o negocio, <a href=\"http:\/\/pymessoft.com\/web\/contacto\/\">contacte con nosotros<\/a> para darle presupuesto o seleccione un plan de <a href=\"http:\/\/pymessoft.com\/web\/product\/pagina-web-empresa\/\">Dise\u00f1o P\u00e1gina Web<\/a>. (dominio incluido el primer a\u00f1o*)<\/p>\n<\/blockquote>\n<p style=\"text-align: justify;\">Finalmente, tras realizar el pedido, nos pondremos en contacto y\u00a0<strong> configuramos su servidor web,\u00a0<\/strong><strong>cuentas de correo<\/strong>\u00a0para que empiece a trabajar inmediatamente. Si fuera necesario hacer una migraci\u00f3n, le informaremos de todo sin compromiso alguno.<\/p>\n<p style=\"text-align: justify;\">Tambi\u00e9n podemos crear para usted, un dise\u00f1o de tu p\u00e1gina web completa, con las secciones m\u00e1s importantes y un dise\u00f1o adaptado a su negocio, <a href=\"http:\/\/pymessoft.com\/web\/contacto\/\">p\u00eddanos presupuesto sin compromiso<\/a>.<\/p>\n<p style=\"text-align: justify;\">Aqu\u00ed podr\u00e1 ver algunos <a href=\"http:\/\/pymessoft.com\/web\/clientes\/\" target=\"_blank\" rel=\"noopener noreferrer\">ejemplos de clientes<\/a> muy satisfechos, \u00a0que decidieron alojar la web con nosotros.<\/p>\n<hr \/>\n<h5>Temas de inter\u00e9s: comprar web, hosting web, alojamiento web, hosting pagina web, precio hosting web, dise\u00f1o web<\/h5>\n","protected":false},"excerpt":{"rendered":"<p style=\"text-align: justify;\">Un plan de <strong>hosting<\/strong> o alojamiento para<strong> p\u00e1gina web<\/strong>, <strong>dominio<\/strong> y <strong>correos<\/strong>.\u00a0<a href=\"#planes\">Consulte los planes<\/a> m\u00e1s abajo para saber que es lo que necesita. Si no lo tiene claro, <a href=\"https:\/\/pymessoft.com\/web\/contactar-empresa-web\/\">contacte con nosotros<\/a> para asesorarle.<\/p>\n<p style=\"text-align: justify;\">\n","protected":false},"featured_media":2374,"comment_status":"open","ping_status":"closed","template":"","meta":{"_kad_post_transparent":"default","_kad_post_title":"","_kad_post_layout":"default","_kad_post_sidebar_id":"","_kad_post_content_style":"default","_kad_post_vertical_padding":"default","_kad_post_feature":"","_kad_post_feature_position":"","_kad_post_header":false,"_kad_post_footer":false},"product_brand":[],"product_cat":[83,82,72,63],"product_tag":[74,66,65,75],"class_list":{"0":"post-198","1":"product","2":"type-product","3":"status-publish","4":"has-post-thumbnail","6":"product_cat-alojamiento","7":"product_cat-hosting","8":"product_cat-pagina-web","9":"product_cat-web","10":"product_tag-alojamiento","11":"product_tag-hosting","12":"product_tag-paginas-web","13":"product_tag-planes","15":"first","16":"instock","17":"featured","18":"sold-individually","19":"taxable","20":"shipping-taxable","21":"purchasable","22":"product-type-variable","23":"entry","24":"content-bg","25":"loop-entry"},"_links":{"self":[{"href":"https:\/\/pymessoft.com\/web\/wp-json\/wp\/v2\/product\/198","targetHints":{"allow":["GET"]}}],"collection":[{"href":"https:\/\/pymessoft.com\/web\/wp-json\/wp\/v2\/product"}],"about":[{"href":"https:\/\/pymessoft.com\/web\/wp-json\/wp\/v2\/types\/product"}],"replies":[{"embeddable":true,"href":"https:\/\/pymessoft.com\/web\/wp-json\/wp\/v2\/comments?post=198"}],"wp:featuredmedia":[{"embeddable":true,"href":"https:\/\/pymessoft.com\/web\/wp-json\/wp\/v2\/media\/2374"}],"wp:attachment":[{"href":"https:\/\/pymessoft.com\/web\/wp-json\/wp\/v2\/media?parent=198"}],"wp:term":[{"taxonomy":"product_brand","embeddable":true,"href":"https:\/\/pymessoft.com\/web\/wp-json\/wp\/v2\/product_brand?post=198"},{"taxonomy":"product_cat","embeddable":true,"href":"https:\/\/pymessoft.com\/web\/wp-json\/wp\/v2\/product_cat?post=198"},{"taxonomy":"product_tag","embeddable":true,"href":"https:\/\/pymessoft.com\/web\/wp-json\/wp\/v2\/product_tag?post=198"}],"curies":[{"name":"wp","href":"https:\/\/api.w.org\/{rel}","templated":true}]}}