{"id":271,"date":"2015-09-23T04:51:47","date_gmt":"2015-09-23T02:51:47","guid":{"rendered":"http:\/\/pymessoft.com\/web\/?post_type=product&#038;p=271"},"modified":"2024-10-31T20:15:45","modified_gmt":"2024-10-31T18:15:45","slug":"comprar-dominio","status":"publish","type":"product","link":"https:\/\/pymessoft.com\/web\/product\/comprar-dominio\/","title":{"rendered":"Comprar dominio"},"content":{"rendered":"<h1 style=\"text-align: justify;\">\u00bfQu\u00e9 es y para que sirve comprar dominio?<\/h1>\n<p style=\"text-align: justify;\">Con<img loading=\"lazy\" decoding=\"async\" class=\"alignright wp-image-278 size-full\" title=\"Comprar dominio\" src=\"http:\/\/pymessoft.com\/web\/wp-content\/uploads\/2015\/09\/dominio-150x150.jpg\" alt=\"Comprar dominio\" width=\"150\" height=\"150\" srcset=\"https:\/\/pymessoft.com\/web\/wp-content\/uploads\/2015\/09\/dominio-150x150.jpg 150w, https:\/\/pymessoft.com\/web\/wp-content\/uploads\/2015\/09\/dominio-150x150-100x100.jpg 100w\" sizes=\"auto, (max-width: 150px) 100vw, 150px\" \/> este producto, puedes trasladar o comprar dominio en Pymessoft, siempre que el dominio est\u00e9 libre o sea de tu propiedad. Ejemplos de nombres de dominio:<\/p>\n<ul style=\"text-align: justify;\">\n<li>midominio.com<\/li>\n<li>miempresa.org<\/li>\n<li>ferreteriapablo.es<\/li>\n<\/ul>\n<p style=\"text-align: justify;\">El nombre de dominio deber\u00eda de representar el nombre de tu Empresa, Negocio o p\u00e1gina web personal. Al comprar dominio, este habr\u00e1 que configurarlo y redireccionarlo (<a href=\"https:\/\/es.wikipedia.org\/wiki\/Sistema_de_nombres_de_dominio\" target=\"_blank\" rel=\"noopener\">usando DNS<\/a>) al hosting o alojamiento web que tengas contratado. No te preocupes, porque<strong> nosotros realizamos esta gesti\u00f3n por t\u00ed<\/strong> y configuramos y te asesoramos en todo lo necesario para que puedas empezar a trabajar lo antes posible.<\/p>\n<p style=\"text-align: justify;\">Cuando el dominio es de tu propiedad, puedes crear una cuenta de correo con tu nombre, por ejemplo: contacta@midominio.com. Podr\u00e1s alojar tu p\u00e1gina web en un servidor y que tu dominio muestre tu p\u00e1gina web, contacto, tu tienda online, etc.<\/p>\n<figure id=\"attachment_1293\" aria-describedby=\"caption-attachment-1293\" style=\"width: 150px\" class=\"wp-caption alignright\"><img loading=\"lazy\" decoding=\"async\" class=\"wp-image-1293 size-thumbnail\" title=\"Comprar dominio \" src=\"http:\/\/pymessoft.com\/web\/wp-content\/uploads\/2015\/11\/hombre_pymessoft-150x150.png\" alt=\"Comprar dominio \" width=\"150\" height=\"150\" srcset=\"https:\/\/pymessoft.com\/web\/wp-content\/uploads\/2015\/11\/hombre_pymessoft-150x150.png 150w, https:\/\/pymessoft.com\/web\/wp-content\/uploads\/2015\/11\/hombre_pymessoft-300x300.png 300w, https:\/\/pymessoft.com\/web\/wp-content\/uploads\/2015\/11\/hombre_pymessoft-200x200.png 200w, https:\/\/pymessoft.com\/web\/wp-content\/uploads\/2015\/11\/hombre_pymessoft-100x100.png 100w, https:\/\/pymessoft.com\/web\/wp-content\/uploads\/2015\/11\/hombre_pymessoft-250x250.png 250w, https:\/\/pymessoft.com\/web\/wp-content\/uploads\/2015\/11\/hombre_pymessoft.png 400w\" sizes=\"auto, (max-width: 150px) 100vw, 150px\" \/><figcaption id=\"caption-attachment-1293\" class=\"wp-caption-text\"><span style=\"font-size: small;\">Comprar Dominio en Pymessoft es Genial!<\/p>\n<p><\/span><\/figcaption><\/figure>\n<h1 style=\"text-align: justify;\">No tengo dominio y quiero comprar dominio<\/h1>\n<p style=\"text-align: justify;\">Si no tienes un dominio a\u00fan, es recomendable buscar un dominio con extensi\u00f3n apropiada para identificar tu sitio web. Normalmente puede ser \u00ab.com\u00bb de \u00abcomercial\u00bb, \u00ab.es\u00bb de Espa\u00f1a, \u00ab.net\u00bb de red, \u00a0etc. El precio de dominio puede variar seg\u00fan su extensi\u00f3n.<\/p>\n<p id=\"buscar\" style=\"text-align: justify;\">Para buscar un dominio, puedes buscar aqu\u00ed abajo o seguir este enlace <a href=\"http:\/\/pymessoft.com\/web\/crear-mi-pagina-web\/buscar-un-dominio\/\" target=\"_blank\" rel=\"noopener\">Buscar Dominio<\/a>.<\/p>\n<hr \/>\n<div style=\"text-align: justify;\">Comprueba antes de comprar dominio si est\u00e1\u00a0libre *<\/div>\n<div style=\"text-align: justify;\"><div id=\"wp24-dc-1\" class=\"wp24-dc\"><\/div><\/div>\n<h6 style=\"text-align: justify;\">*si quieres realizar un traslado, deber\u00e1s contactar para solicitar el traslado, ya que nos deber\u00e1s facilitar el AUTHCODE<\/h6>\n<h1>Ya tengo un dominio, \u00bfqu\u00e9 debo hacer?<\/h1>\n<p>Si ya dispones de un dominio, puedes trasladar tu dominio a Pymessoft obteniendo el AuthCode. Este c\u00f3digo es necesario para poder tramitar tu pedido y te lo debe facilitar el proveedor actual de servicios web o solicitarlo a trav\u00e9s de un panel de control al que poder acceder. Si tienes dudas, puedes <a href=\"http:\/\/pymessoft.com\/web\/contacto\/\" target=\"_blank\" rel=\"noopener\">contactar con nosotros<\/a>.<\/p>\n<hr \/>\n<h6>Temas de inter\u00e9s: comprar dominio, contratar dominio, dise\u00f1o web, precio dominio, donde dominio, dominio barato<\/h6>\n","protected":false},"excerpt":{"rendered":"<p>Pulse aqu\u00ed para\u00a0<a href=\"#buscar\">buscar un dominio<\/a> que est\u00e9 libre y an\u00f3telo en el pedido.<\/p>\n","protected":false},"featured_media":2370,"comment_status":"open","ping_status":"closed","template":"","meta":{"_kad_post_transparent":"default","_kad_post_title":"","_kad_post_layout":"default","_kad_post_sidebar_id":"","_kad_post_content_style":"default","_kad_post_vertical_padding":"default","_kad_post_feature":"","_kad_post_feature_position":"","_kad_post_header":false,"_kad_post_footer":false},"product_brand":[],"product_cat":[138,82,72,63],"product_tag":[37,66,73],"class_list":{"0":"post-271","1":"product","2":"type-product","3":"status-publish","4":"has-post-thumbnail","6":"product_cat-dominios","7":"product_cat-hosting","8":"product_cat-pagina-web","9":"product_cat-web","10":"product_tag-dominio","11":"product_tag-hosting","12":"product_tag-web","14":"first","15":"instock","16":"taxable","17":"shipping-taxable","18":"purchasable","19":"product-type-variable","20":"has-default-attributes","21":"entry","22":"content-bg","23":"loop-entry"},"_links":{"self":[{"href":"https:\/\/pymessoft.com\/web\/wp-json\/wp\/v2\/product\/271","targetHints":{"allow":["GET"]}}],"collection":[{"href":"https:\/\/pymessoft.com\/web\/wp-json\/wp\/v2\/product"}],"about":[{"href":"https:\/\/pymessoft.com\/web\/wp-json\/wp\/v2\/types\/product"}],"replies":[{"embeddable":true,"href":"https:\/\/pymessoft.com\/web\/wp-json\/wp\/v2\/comments?post=271"}],"wp:featuredmedia":[{"embeddable":true,"href":"https:\/\/pymessoft.com\/web\/wp-json\/wp\/v2\/media\/2370"}],"wp:attachment":[{"href":"https:\/\/pymessoft.com\/web\/wp-json\/wp\/v2\/media?parent=271"}],"wp:term":[{"taxonomy":"product_brand","embeddable":true,"href":"https:\/\/pymessoft.com\/web\/wp-json\/wp\/v2\/product_brand?post=271"},{"taxonomy":"product_cat","embeddable":true,"href":"https:\/\/pymessoft.com\/web\/wp-json\/wp\/v2\/product_cat?post=271"},{"taxonomy":"product_tag","embeddable":true,"href":"https:\/\/pymessoft.com\/web\/wp-json\/wp\/v2\/product_tag?post=271"}],"curies":[{"name":"wp","href":"https:\/\/api.w.org\/{rel}","templated":true}]}}