{"id":856,"date":"2015-11-02T07:17:32","date_gmt":"2015-11-02T05:17:32","guid":{"rendered":"http:\/\/pymessoft.com\/web\/?post_type=product&#038;p=856"},"modified":"2024-10-24T19:45:46","modified_gmt":"2024-10-24T17:45:46","slug":"alta-en-google-business-para-empresas","status":"publish","type":"product","link":"https:\/\/pymessoft.com\/web\/product\/alta-en-google-business-para-empresas\/","title":{"rendered":"Google Business para empresas"},"content":{"rendered":"<p style=\"text-align: justify;\"><img loading=\"lazy\" decoding=\"async\" class=\"alignright wp-image-857 size-medium\" src=\"http:\/\/pymessoft.com\/web\/wp-content\/uploads\/2015\/11\/google-map-mybusiness-250x188.png\" alt=\"google-map-mybusiness\" width=\"250\" height=\"188\" srcset=\"https:\/\/pymessoft.com\/web\/wp-content\/uploads\/2015\/11\/google-map-mybusiness-250x188.png 250w, https:\/\/pymessoft.com\/web\/wp-content\/uploads\/2015\/11\/google-map-mybusiness-300x225.png 300w, https:\/\/pymessoft.com\/web\/wp-content\/uploads\/2015\/11\/google-map-mybusiness.png 800w\" sizes=\"auto, (max-width: 250px) 100vw, 250px\" \/>Realizamos tu puesta a punto en <strong>Google Business<\/strong> para <strong>empresas<\/strong> o negocio.\u00a0Geolocalizaci\u00f3n en los mapas de Google. Sus clientes podr\u00e1n encontrarle f\u00e1cilmente cuando busquen en Internet.<\/p>\n<p style=\"text-align: justify;\">Gracias al alta en Google Business para empresas, podr\u00e1s <strong>incrementar las ventas<\/strong>, adem\u00e1s de dar una <strong>imagen de la empresa en Internet<\/strong>.<\/p>\n","protected":false},"excerpt":{"rendered":"<p>Realizamos el alta en Google Business para empresas. Su negocio aparecer\u00e1 en Google y los clientes podr\u00e1n geolocalizarle en el mapa f\u00e1cilmente y contactar o llamarle directamente por tel\u00e9fono.<\/p>\n","protected":false},"featured_media":2373,"comment_status":"open","ping_status":"closed","template":"","meta":{"_kad_post_transparent":"","_kad_post_title":"","_kad_post_layout":"","_kad_post_sidebar_id":"","_kad_post_content_style":"","_kad_post_vertical_padding":"","_kad_post_feature":"","_kad_post_feature_position":"","_kad_post_header":false,"_kad_post_footer":false},"product_brand":[],"product_cat":[70,63],"product_tag":[66,45,69,65],"class_list":{"0":"post-856","1":"product","2":"type-product","3":"status-publish","4":"has-post-thumbnail","6":"product_cat-google-business","7":"product_cat-web","8":"product_tag-hosting","9":"product_tag-marketing","10":"product_tag-negocios","11":"product_tag-paginas-web","13":"first","14":"instock","15":"featured","16":"virtual","17":"taxable","18":"purchasable","19":"product-type-simple","20":"entry","21":"content-bg","22":"loop-entry"},"_links":{"self":[{"href":"https:\/\/pymessoft.com\/web\/wp-json\/wp\/v2\/product\/856","targetHints":{"allow":["GET"]}}],"collection":[{"href":"https:\/\/pymessoft.com\/web\/wp-json\/wp\/v2\/product"}],"about":[{"href":"https:\/\/pymessoft.com\/web\/wp-json\/wp\/v2\/types\/product"}],"replies":[{"embeddable":true,"href":"https:\/\/pymessoft.com\/web\/wp-json\/wp\/v2\/comments?post=856"}],"wp:featuredmedia":[{"embeddable":true,"href":"https:\/\/pymessoft.com\/web\/wp-json\/wp\/v2\/media\/2373"}],"wp:attachment":[{"href":"https:\/\/pymessoft.com\/web\/wp-json\/wp\/v2\/media?parent=856"}],"wp:term":[{"taxonomy":"product_brand","embeddable":true,"href":"https:\/\/pymessoft.com\/web\/wp-json\/wp\/v2\/product_brand?post=856"},{"taxonomy":"product_cat","embeddable":true,"href":"https:\/\/pymessoft.com\/web\/wp-json\/wp\/v2\/product_cat?post=856"},{"taxonomy":"product_tag","embeddable":true,"href":"https:\/\/pymessoft.com\/web\/wp-json\/wp\/v2\/product_tag?post=856"}],"curies":[{"name":"wp","href":"https:\/\/api.w.org\/{rel}","templated":true}]}}